{"id":388,"date":"2023-01-09T14:37:58","date_gmt":"2023-01-09T13:37:58","guid":{"rendered":"https:\/\/schuermannschroeder.de\/collection\/"},"modified":"2023-05-22T12:23:31","modified_gmt":"2023-05-22T10:23:31","slug":"collection","status":"publish","type":"page","link":"https:\/\/schuermannschroeder.de\/en\/collection\/","title":{"rendered":"Collection"},"content":{"rendered":"","protected":false},"excerpt":{"rendered":"","protected":false},"author":1,"featured_media":0,"parent":0,"menu_order":0,"comment_status":"closed","ping_status":"closed","template":"","meta":{"_acf_changed":false,"footnotes":""},"class_list":["post-388","page","type-page","status-publish","hentry"],"acf":[],"yoast_head":"<!-- This site is optimized with the Yoast SEO plugin v27.1.1 - https:\/\/yoast.com\/product\/yoast-seo-wordpress\/ -->\n<title>Collection - Sch\u00fcrmann Schr\u00f6der<\/title>\n<meta name=\"robots\" content=\"index, follow, max-snippet:-1, max-image-preview:large, max-video-preview:-1\" \/>\n<link rel=\"canonical\" href=\"https:\/\/schuermannschroeder.de\/en\/collection\/\" \/>\n<meta property=\"og:locale\" content=\"en_US\" \/>\n<meta property=\"og:type\" content=\"article\" \/>\n<meta property=\"og:title\" content=\"Collection - Sch\u00fcrmann Schr\u00f6der\" \/>\n<meta property=\"og:url\" content=\"https:\/\/schuermannschroeder.de\/en\/collection\/\" \/>\n<meta property=\"og:site_name\" content=\"Sch\u00fcrmann Schr\u00f6der\" \/>\n<meta property=\"article:modified_time\" content=\"2023-05-22T10:23:31+00:00\" \/>\n<meta name=\"twitter:card\" content=\"summary_large_image\" \/>\n<script type=\"application\/ld+json\" class=\"yoast-schema-graph\">{\"@context\":\"https:\/\/schema.org\",\"@graph\":[{\"@type\":\"WebPage\",\"@id\":\"https:\/\/schuermannschroeder.de\/en\/collection\/\",\"url\":\"https:\/\/schuermannschroeder.de\/en\/collection\/\",\"name\":\"Collection - Sch\u00fcrmann Schr\u00f6der\",\"isPartOf\":{\"@id\":\"https:\/\/schuermannschroeder.de\/en\/#website\"},\"datePublished\":\"2023-01-09T13:37:58+00:00\",\"dateModified\":\"2023-05-22T10:23:31+00:00\",\"breadcrumb\":{\"@id\":\"https:\/\/schuermannschroeder.de\/en\/collection\/#breadcrumb\"},\"inLanguage\":\"en-US\",\"potentialAction\":[{\"@type\":\"ReadAction\",\"target\":[\"https:\/\/schuermannschroeder.de\/en\/collection\/\"]}]},{\"@type\":\"BreadcrumbList\",\"@id\":\"https:\/\/schuermannschroeder.de\/en\/collection\/#breadcrumb\",\"itemListElement\":[{\"@type\":\"ListItem\",\"position\":1,\"name\":\"Home\",\"item\":\"https:\/\/schuermannschroeder.de\/en\/\"},{\"@type\":\"ListItem\",\"position\":2,\"name\":\"Collection\"}]},{\"@type\":\"WebSite\",\"@id\":\"https:\/\/schuermannschroeder.de\/en\/#website\",\"url\":\"https:\/\/schuermannschroeder.de\/en\/\",\"name\":\"Sch\u00fcrmann Schr\u00f6der\",\"description\":\"Qualit\u00e4t, die man sp\u00fcren kann\",\"potentialAction\":[{\"@type\":\"SearchAction\",\"target\":{\"@type\":\"EntryPoint\",\"urlTemplate\":\"https:\/\/schuermannschroeder.de\/en\/?s={search_term_string}\"},\"query-input\":{\"@type\":\"PropertyValueSpecification\",\"valueRequired\":true,\"valueName\":\"search_term_string\"}}],\"inLanguage\":\"en-US\"}]}<\/script>\n<!-- \/ Yoast SEO plugin. -->","yoast_head_json":{"title":"Collection - Sch\u00fcrmann Schr\u00f6der","robots":{"index":"index","follow":"follow","max-snippet":"max-snippet:-1","max-image-preview":"max-image-preview:large","max-video-preview":"max-video-preview:-1"},"canonical":"https:\/\/schuermannschroeder.de\/en\/collection\/","og_locale":"en_US","og_type":"article","og_title":"Collection - Sch\u00fcrmann Schr\u00f6der","og_url":"https:\/\/schuermannschroeder.de\/en\/collection\/","og_site_name":"Sch\u00fcrmann Schr\u00f6der","article_modified_time":"2023-05-22T10:23:31+00:00","twitter_card":"summary_large_image","schema":{"@context":"https:\/\/schema.org","@graph":[{"@type":"WebPage","@id":"https:\/\/schuermannschroeder.de\/en\/collection\/","url":"https:\/\/schuermannschroeder.de\/en\/collection\/","name":"Collection - Sch\u00fcrmann Schr\u00f6der","isPartOf":{"@id":"https:\/\/schuermannschroeder.de\/en\/#website"},"datePublished":"2023-01-09T13:37:58+00:00","dateModified":"2023-05-22T10:23:31+00:00","breadcrumb":{"@id":"https:\/\/schuermannschroeder.de\/en\/collection\/#breadcrumb"},"inLanguage":"en-US","potentialAction":[{"@type":"ReadAction","target":["https:\/\/schuermannschroeder.de\/en\/collection\/"]}]},{"@type":"BreadcrumbList","@id":"https:\/\/schuermannschroeder.de\/en\/collection\/#breadcrumb","itemListElement":[{"@type":"ListItem","position":1,"name":"Home","item":"https:\/\/schuermannschroeder.de\/en\/"},{"@type":"ListItem","position":2,"name":"Collection"}]},{"@type":"WebSite","@id":"https:\/\/schuermannschroeder.de\/en\/#website","url":"https:\/\/schuermannschroeder.de\/en\/","name":"Sch\u00fcrmann Schr\u00f6der","description":"Qualit\u00e4t, die man sp\u00fcren kann","potentialAction":[{"@type":"SearchAction","target":{"@type":"EntryPoint","urlTemplate":"https:\/\/schuermannschroeder.de\/en\/?s={search_term_string}"},"query-input":{"@type":"PropertyValueSpecification","valueRequired":true,"valueName":"search_term_string"}}],"inLanguage":"en-US"}]}},"_links":{"self":[{"href":"https:\/\/schuermannschroeder.de\/en\/wp-json\/wp\/v2\/pages\/388","targetHints":{"allow":["GET"]}}],"collection":[{"href":"https:\/\/schuermannschroeder.de\/en\/wp-json\/wp\/v2\/pages"}],"about":[{"href":"https:\/\/schuermannschroeder.de\/en\/wp-json\/wp\/v2\/types\/page"}],"author":[{"embeddable":true,"href":"https:\/\/schuermannschroeder.de\/en\/wp-json\/wp\/v2\/users\/1"}],"replies":[{"embeddable":true,"href":"https:\/\/schuermannschroeder.de\/en\/wp-json\/wp\/v2\/comments?post=388"}],"version-history":[{"count":6,"href":"https:\/\/schuermannschroeder.de\/en\/wp-json\/wp\/v2\/pages\/388\/revisions"}],"predecessor-version":[{"id":612,"href":"https:\/\/schuermannschroeder.de\/en\/wp-json\/wp\/v2\/pages\/388\/revisions\/612"}],"wp:attachment":[{"href":"https:\/\/schuermannschroeder.de\/en\/wp-json\/wp\/v2\/media?parent=388"}],"curies":[{"name":"wp","href":"https:\/\/api.w.org\/{rel}","templated":true}]}}